{"id":604,"date":"2022-09-27T19:30:39","date_gmt":"2022-09-27T19:30:39","guid":{"rendered":"http:\/\/jamaak.com.mx\/?page_id=604"},"modified":"2022-09-27T21:26:12","modified_gmt":"2022-09-27T21:26:12","slug":"sobre-nosotros","status":"publish","type":"page","link":"https:\/\/jamaak.com.mx\/index.php\/sobre-nosotros\/","title":{"rendered":"Acerca de Jamaak"},"content":{"rendered":"\t\t<div data-elementor-type=\"wp-page\" data-elementor-id=\"604\" class=\"elementor elementor-604\">\n\t\t\t\t\t\t\t\t\t<section class=\"elementor-section elementor-top-section elementor-element elementor-element-ec779d4 elementor-section-boxed elementor-section-height-default elementor-section-height-default\" data-id=\"ec779d4\" data-element_type=\"section\">\n\t\t\t\t\t\t<div class=\"elementor-container elementor-column-gap-default\">\n\t\t\t\t\t<div class=\"elementor-column elementor-col-100 elementor-top-column elementor-element elementor-element-3ddfb33\" data-id=\"3ddfb33\" data-element_type=\"column\">\n\t\t\t<div class=\"elementor-widget-wrap elementor-element-populated\">\n\t\t\t\t\t\t\t\t<div class=\"elementor-element elementor-element-2c0477f elementor-widget elementor-widget-heading\" data-id=\"2c0477f\" data-element_type=\"widget\" data-widget_type=\"heading.default\">\n\t\t\t\t<div class=\"elementor-widget-container\">\n\t\t\t<h2 class=\"elementor-heading-title elementor-size-default\">Antecedentes<\/h2>\t\t<\/div>\n\t\t\t\t<\/div>\n\t\t\t\t\t<\/div>\n\t\t<\/div>\n\t\t\t\t\t\t\t<\/div>\n\t\t<\/section>\n\t\t\t\t<section class=\"elementor-section elementor-top-section elementor-element elementor-element-ada5b64 elementor-section-boxed elementor-section-height-default elementor-section-height-default\" data-id=\"ada5b64\" data-element_type=\"section\">\n\t\t\t\t\t\t<div class=\"elementor-container elementor-column-gap-default\">\n\t\t\t\t\t<div class=\"elementor-column elementor-col-100 elementor-top-column elementor-element elementor-element-a17577d\" data-id=\"a17577d\" data-element_type=\"column\">\n\t\t\t<div class=\"elementor-widget-wrap elementor-element-populated\">\n\t\t\t\t\t\t\t\t<div class=\"elementor-element elementor-element-81f39d1 elementor-widget elementor-widget-text-editor\" data-id=\"81f39d1\" data-element_type=\"widget\" data-widget_type=\"text-editor.default\">\n\t\t\t\t<div class=\"elementor-widget-container\">\n\t\t\t\t\t\t\t<p>La fundadora y propietaria de Jamaak Escuela Verde empez\u00f3 un proyecto hidrop\u00f3nico en 2005 y junto con otras 17 personas formaron Cultivos hidrop\u00f3nicos de San Antonio de las Minas, SSS., con lo que se instal\u00f3 un peque\u00f1o invernadero escuela de madera y reutilizaci\u00f3n de pl\u00e1sticos de invernadero, y con el apoyo de desarrollo municipal se pudo traer a un capacitador de la ciudad de M\u00e9xico. Una vez alcanzado el objetivo para lo que se habia formado la sociedad se disolvi\u00f3. Sin embargo, la fundadora sigui\u00f3 trabajando en su proyecto.<\/p>\t\t\t\t\t\t<\/div>\n\t\t\t\t<\/div>\n\t\t\t\t\t<\/div>\n\t\t<\/div>\n\t\t\t\t\t\t\t<\/div>\n\t\t<\/section>\n\t\t\t\t<section class=\"elementor-section elementor-top-section elementor-element elementor-element-0b10995 elementor-section-boxed elementor-section-height-default elementor-section-height-default\" data-id=\"0b10995\" data-element_type=\"section\">\n\t\t\t\t\t\t<div class=\"elementor-container elementor-column-gap-default\">\n\t\t\t\t\t<div class=\"elementor-column elementor-col-100 elementor-top-column elementor-element elementor-element-2fe5dda\" data-id=\"2fe5dda\" data-element_type=\"column\">\n\t\t\t<div class=\"elementor-widget-wrap elementor-element-populated\">\n\t\t\t\t\t\t\t\t<div class=\"elementor-element elementor-element-dec997f elementor-widget elementor-widget-image\" data-id=\"dec997f\" data-element_type=\"widget\" data-widget_type=\"image.default\">\n\t\t\t\t<div class=\"elementor-widget-container\">\n\t\t\t\t\t\t\t\t\t\t\t\t\t\t\t<img fetchpriority=\"high\" decoding=\"async\" width=\"525\" height=\"420\" src=\"https:\/\/jamaak.com.mx\/wp-content\/uploads\/2022\/09\/collage-de-fotos-amistad-bohochic-floral-1024x819.png\" class=\"attachment-large size-large wp-image-611\" alt=\"\" srcset=\"https:\/\/jamaak.com.mx\/wp-content\/uploads\/2022\/09\/collage-de-fotos-amistad-bohochic-floral-1024x819.png 1024w, https:\/\/jamaak.com.mx\/wp-content\/uploads\/2022\/09\/collage-de-fotos-amistad-bohochic-floral-300x240.png 300w, https:\/\/jamaak.com.mx\/wp-content\/uploads\/2022\/09\/collage-de-fotos-amistad-bohochic-floral-768x614.png 768w, https:\/\/jamaak.com.mx\/wp-content\/uploads\/2022\/09\/collage-de-fotos-amistad-bohochic-floral.png 2000w\" sizes=\"100vw\" \/>\t\t\t\t\t\t\t\t\t\t\t\t\t\t\t<\/div>\n\t\t\t\t<\/div>\n\t\t\t\t\t<\/div>\n\t\t<\/div>\n\t\t\t\t\t\t\t<\/div>\n\t\t<\/section>\n\t\t\t\t<section class=\"elementor-section elementor-top-section elementor-element elementor-element-1cc4476 elementor-section-boxed elementor-section-height-default elementor-section-height-default\" data-id=\"1cc4476\" data-element_type=\"section\">\n\t\t\t\t\t\t<div class=\"elementor-container elementor-column-gap-default\">\n\t\t\t\t\t<div class=\"elementor-column elementor-col-100 elementor-top-column elementor-element elementor-element-f046dc9\" data-id=\"f046dc9\" data-element_type=\"column\">\n\t\t\t<div class=\"elementor-widget-wrap elementor-element-populated\">\n\t\t\t\t\t\t\t\t<div class=\"elementor-element elementor-element-8bdb6ec elementor-widget elementor-widget-heading\" data-id=\"8bdb6ec\" data-element_type=\"widget\" data-widget_type=\"heading.default\">\n\t\t\t\t<div class=\"elementor-widget-container\">\n\t\t\t<h2 class=\"elementor-heading-title elementor-size-default\">Jamaak Escuela Verde<\/h2>\t\t<\/div>\n\t\t\t\t<\/div>\n\t\t\t\t\t<\/div>\n\t\t<\/div>\n\t\t\t\t\t\t\t<\/div>\n\t\t<\/section>\n\t\t\t\t<section class=\"elementor-section elementor-top-section elementor-element elementor-element-0668939 elementor-section-boxed elementor-section-height-default elementor-section-height-default\" data-id=\"0668939\" data-element_type=\"section\">\n\t\t\t\t\t\t<div class=\"elementor-container elementor-column-gap-default\">\n\t\t\t\t\t<div class=\"elementor-column elementor-col-100 elementor-top-column elementor-element elementor-element-a7611fc\" data-id=\"a7611fc\" data-element_type=\"column\">\n\t\t\t<div class=\"elementor-widget-wrap elementor-element-populated\">\n\t\t\t\t\t\t\t\t<div class=\"elementor-element elementor-element-4990f5d elementor-widget elementor-widget-text-editor\" data-id=\"4990f5d\" data-element_type=\"widget\" data-widget_type=\"text-editor.default\">\n\t\t\t\t<div class=\"elementor-widget-container\">\n\t\t\t\t\t\t\t<p>Surge el 12 de Julio de 2008 debido a la necesidad de contar con un centro de capacitaci\u00f3n donde la gente pueda aprender sobre el cultivo hidrop\u00f3nico y ecotecnias sin la necesidad de viajar a otros estados y que con los conocimientos obtenidos las personas puedan mejorar su calidad de vida.<\/p><p>As\u00ed es como con el paso de los a\u00f1os se ha capacitado una gran cantidad de personas que nos han dado su confianza y se han impartido m\u00e1s de 60 cursos y talleres con la tematica de hidropon\u00eda, elaboraci\u00f3n de composta, huerto en camas elevadas y reutilizaci\u00f3n de basura. Tambi\u00e9n hemos trabajado en conjunto con instituciones gubernamentales y asociociaciones civiles para llevar el conocimiento a diversos sectores de la poblaci\u00f3n.<\/p><p>Tenemos el compromiso con el medio ambiente por lo que ense\u00f1amos a nuestros alumnos a cultivar de una forma responsable y sustentable evitando en gran medida el uso de plaguicidas y otros productos nocivos para la salud o que contaminan nuestros recursos naturales.<\/p><p>Participamos en seminarios y talleres con escuelas y universidades p\u00fablicas y\/o privadas y ONG\u00b4s sin fines de lucro para la divulgaci\u00f3n de informaci\u00fan referente a la producci\u00f3n de alimentos para autoconsumo sobre todo de ni\u00f1os y mujeres, e impulsar el conocimiento de nuevas alternativas de producci\u00f3n en las que se haga un mejor manejo de los recursos h\u00eddricos y asegurar una seguridad alimentaria para futuras generaciones.<\/p>\t\t\t\t\t\t<\/div>\n\t\t\t\t<\/div>\n\t\t\t\t\t<\/div>\n\t\t<\/div>\n\t\t\t\t\t\t\t<\/div>\n\t\t<\/section>\n\t\t\t\t<section class=\"elementor-section elementor-top-section elementor-element elementor-element-b27f98d elementor-section-boxed elementor-section-height-default elementor-section-height-default\" data-id=\"b27f98d\" data-element_type=\"section\">\n\t\t\t\t\t\t<div class=\"elementor-container elementor-column-gap-default\">\n\t\t\t\t\t<div class=\"elementor-column elementor-col-100 elementor-top-column elementor-element elementor-element-b08fb67\" data-id=\"b08fb67\" data-element_type=\"column\">\n\t\t\t<div class=\"elementor-widget-wrap elementor-element-populated\">\n\t\t\t\t\t\t\t\t<div class=\"elementor-element elementor-element-a2b5394 elementor-widget elementor-widget-image\" data-id=\"a2b5394\" data-element_type=\"widget\" data-widget_type=\"image.default\">\n\t\t\t\t<div class=\"elementor-widget-container\">\n\t\t\t\t\t\t\t\t\t\t\t\t\t\t\t<img decoding=\"async\" width=\"525\" height=\"420\" src=\"https:\/\/jamaak.com.mx\/wp-content\/uploads\/2022\/09\/collage-de-fotos-amistad-bohochic-floral-1-1024x819.png\" class=\"attachment-large size-large wp-image-612\" alt=\"\" srcset=\"https:\/\/jamaak.com.mx\/wp-content\/uploads\/2022\/09\/collage-de-fotos-amistad-bohochic-floral-1-1024x819.png 1024w, https:\/\/jamaak.com.mx\/wp-content\/uploads\/2022\/09\/collage-de-fotos-amistad-bohochic-floral-1-300x240.png 300w, https:\/\/jamaak.com.mx\/wp-content\/uploads\/2022\/09\/collage-de-fotos-amistad-bohochic-floral-1-768x614.png 768w, https:\/\/jamaak.com.mx\/wp-content\/uploads\/2022\/09\/collage-de-fotos-amistad-bohochic-floral-1.png 2000w\" sizes=\"100vw\" \/>\t\t\t\t\t\t\t\t\t\t\t\t\t\t\t<\/div>\n\t\t\t\t<\/div>\n\t\t\t\t\t<\/div>\n\t\t<\/div>\n\t\t\t\t\t\t\t<\/div>\n\t\t<\/section>\n\t\t\t\t\t\t\t<\/div>\n\t\t","protected":false},"excerpt":{"rendered":"<p>Antecedentes La fundadora y propietaria de Jamaak Escuela Verde empez\u00f3 un proyecto hidrop\u00f3nico en 2005 y junto con otras 17 personas formaron Cultivos hidrop\u00f3nicos de San Antonio de las Minas, SSS., con lo que se instal\u00f3 un peque\u00f1o invernadero escuela de madera y reutilizaci\u00f3n de pl\u00e1sticos de invernadero, y con el apoyo de desarrollo municipal &hellip; <\/p>\n<p class=\"link-more\"><a href=\"https:\/\/jamaak.com.mx\/index.php\/sobre-nosotros\/\" class=\"more-link\">Continuar leyendo<span class=\"screen-reader-text\"> &#8220;Acerca de Jamaak&#8221;<\/span><\/a><\/p>\n","protected":false},"author":1,"featured_media":0,"parent":0,"menu_order":0,"comment_status":"closed","ping_status":"closed","template":"","meta":{"footnotes":""},"class_list":["post-604","page","type-page","status-publish","hentry"],"_links":{"self":[{"href":"https:\/\/jamaak.com.mx\/index.php\/wp-json\/wp\/v2\/pages\/604","targetHints":{"allow":["GET"]}}],"collection":[{"href":"https:\/\/jamaak.com.mx\/index.php\/wp-json\/wp\/v2\/pages"}],"about":[{"href":"https:\/\/jamaak.com.mx\/index.php\/wp-json\/wp\/v2\/types\/page"}],"author":[{"embeddable":true,"href":"https:\/\/jamaak.com.mx\/index.php\/wp-json\/wp\/v2\/users\/1"}],"replies":[{"embeddable":true,"href":"https:\/\/jamaak.com.mx\/index.php\/wp-json\/wp\/v2\/comments?post=604"}],"version-history":[{"count":5,"href":"https:\/\/jamaak.com.mx\/index.php\/wp-json\/wp\/v2\/pages\/604\/revisions"}],"predecessor-version":[{"id":613,"href":"https:\/\/jamaak.com.mx\/index.php\/wp-json\/wp\/v2\/pages\/604\/revisions\/613"}],"wp:attachment":[{"href":"https:\/\/jamaak.com.mx\/index.php\/wp-json\/wp\/v2\/media?parent=604"}],"curies":[{"name":"wp","href":"https:\/\/api.w.org\/{rel}","templated":true}]}}