{"id":398,"date":"2019-11-06T20:22:08","date_gmt":"2019-11-06T20:22:08","guid":{"rendered":"https:\/\/jamaak.com.mx\/?page_id=398"},"modified":"2024-01-23T05:54:50","modified_gmt":"2024-01-23T05:54:50","slug":"cursos-y-talleres-de-hidroponia","status":"publish","type":"page","link":"https:\/\/jamaak.com.mx\/index.php\/cursos-y-talleres-de-hidroponia\/","title":{"rendered":"Cursos y Talleres de Hidropon\u00eda"},"content":{"rendered":"\t\t<div data-elementor-type=\"wp-page\" data-elementor-id=\"398\" class=\"elementor elementor-398\">\n\t\t\t\t\t\t\t\t\t<section class=\"elementor-section elementor-top-section elementor-element elementor-element-229ee15e elementor-section-content-middle elementor-reverse-mobile elementor-section-boxed elementor-section-height-default elementor-section-height-default\" data-id=\"229ee15e\" data-element_type=\"section\">\n\t\t\t\t\t\t<div class=\"elementor-container elementor-column-gap-no\">\n\t\t\t\t\t<div class=\"elementor-column elementor-col-50 elementor-top-column elementor-element elementor-element-81562a9\" data-id=\"81562a9\" data-element_type=\"column\">\n\t\t\t<div class=\"elementor-widget-wrap elementor-element-populated\">\n\t\t\t\t\t\t\t\t<div class=\"elementor-element elementor-element-2583494f elementor-widget elementor-widget-heading\" data-id=\"2583494f\" data-element_type=\"widget\" data-widget_type=\"heading.default\">\n\t\t\t\t<div class=\"elementor-widget-container\">\n\t\t\t<h4 class=\"elementor-heading-title elementor-size-default\">Cursos y Talleres de Hidropon\u00eda<\/h4>\t\t<\/div>\n\t\t\t\t<\/div>\n\t\t\t\t<div class=\"elementor-element elementor-element-6a7358be elementor-widget elementor-widget-text-editor\" data-id=\"6a7358be\" data-element_type=\"widget\" data-widget_type=\"text-editor.default\">\n\t\t\t\t<div class=\"elementor-widget-container\">\n\t\t\t\t\t\t\t<p><span style=\"font-size: 1rem;\">La hidropon\u00eda es una t\u00e9cnica de cultivo de plantas a la que tambien se le conoce como &#8220;Cultivos sin Tierra&#8221;. El cultivar las plantas bajo cualquiera de las modalidades o variaciones de estos sistemas tiene numerosas ventajas sobre los cultivos convencionales.<\/span><\/p>\t\t\t\t\t\t<\/div>\n\t\t\t\t<\/div>\n\t\t\t\t\t<\/div>\n\t\t<\/div>\n\t\t\t\t<div class=\"elementor-column elementor-col-50 elementor-top-column elementor-element elementor-element-454f7f58\" data-id=\"454f7f58\" data-element_type=\"column\">\n\t\t\t<div class=\"elementor-widget-wrap elementor-element-populated\">\n\t\t\t\t\t\t\t\t<div class=\"elementor-element elementor-element-1380eabd elementor-widget elementor-widget-image\" data-id=\"1380eabd\" data-element_type=\"widget\" data-widget_type=\"image.default\">\n\t\t\t\t<div class=\"elementor-widget-container\">\n\t\t\t\t\t\t\t\t\t\t\t\t\t\t\t<img fetchpriority=\"high\" decoding=\"async\" width=\"1280\" height=\"720\" src=\"https:\/\/jamaak.com.mx\/wp-content\/uploads\/2019\/11\/IMG_1177.jpg\" class=\"attachment-full size-full wp-image-442\" alt=\"\" srcset=\"https:\/\/jamaak.com.mx\/wp-content\/uploads\/2019\/11\/IMG_1177.jpg 1280w, https:\/\/jamaak.com.mx\/wp-content\/uploads\/2019\/11\/IMG_1177-300x169.jpg 300w, https:\/\/jamaak.com.mx\/wp-content\/uploads\/2019\/11\/IMG_1177-768x432.jpg 768w, https:\/\/jamaak.com.mx\/wp-content\/uploads\/2019\/11\/IMG_1177-1024x576.jpg 1024w\" sizes=\"100vw\" \/>\t\t\t\t\t\t\t\t\t\t\t\t\t\t\t<\/div>\n\t\t\t\t<\/div>\n\t\t\t\t<div class=\"elementor-element elementor-element-d4c15d6 elementor-button-info elementor-align-center elementor-widget elementor-widget-button\" data-id=\"d4c15d6\" data-element_type=\"widget\" data-widget_type=\"button.default\">\n\t\t\t\t<div class=\"elementor-widget-container\">\n\t\t\t\t\t<div class=\"elementor-button-wrapper\">\n\t\t\t<a class=\"elementor-button elementor-button-link elementor-size-sm\" href=\"https:\/\/jamaak.com.mx\/index.php\/2023\/06\/20\/la-hidroponia-es-un-metodo-de-cultivo-de-plantas-sin-utilizar-tierra-que-puede-manejarse-de-una-forma-sustentable\/\">\n\t\t\t\t\t\t<span class=\"elementor-button-content-wrapper\">\n\t\t\t\t\t\t<span class=\"elementor-button-text\">Conocer m\u00e1s de hidropon\u00eda<\/span>\n\t\t<\/span>\n\t\t\t\t\t<\/a>\n\t\t<\/div>\n\t\t\t\t<\/div>\n\t\t\t\t<\/div>\n\t\t\t\t\t<\/div>\n\t\t<\/div>\n\t\t\t\t\t\t\t<\/div>\n\t\t<\/section>\n\t\t\t\t<section class=\"elementor-section elementor-top-section elementor-element elementor-element-314b80e elementor-section-boxed elementor-section-height-default elementor-section-height-default\" data-id=\"314b80e\" data-element_type=\"section\">\n\t\t\t\t\t\t<div class=\"elementor-container elementor-column-gap-default\">\n\t\t\t\t\t<div class=\"elementor-column elementor-col-100 elementor-top-column elementor-element elementor-element-8b111ba\" data-id=\"8b111ba\" data-element_type=\"column\">\n\t\t\t<div class=\"elementor-widget-wrap elementor-element-populated\">\n\t\t\t\t\t\t\t\t<div class=\"elementor-element elementor-element-1d8f354 elementor-widget elementor-widget-image\" data-id=\"1d8f354\" data-element_type=\"widget\" data-widget_type=\"image.default\">\n\t\t\t\t<div class=\"elementor-widget-container\">\n\t\t\t\t\t\t\t\t\t\t\t\t\t\t\t<img decoding=\"async\" width=\"525\" height=\"35\" src=\"https:\/\/jamaak.com.mx\/wp-content\/uploads\/2022\/10\/Dise\u00f1o-sin-t\u00edtulo-1.png\" class=\"attachment-large size-large wp-image-1132\" alt=\"\" srcset=\"https:\/\/jamaak.com.mx\/wp-content\/uploads\/2022\/10\/Dise\u00f1o-sin-t\u00edtulo-1.png 600w, https:\/\/jamaak.com.mx\/wp-content\/uploads\/2022\/10\/Dise\u00f1o-sin-t\u00edtulo-1-300x20.png 300w\" sizes=\"100vw\" \/>\t\t\t\t\t\t\t\t\t\t\t\t\t\t\t<\/div>\n\t\t\t\t<\/div>\n\t\t\t\t\t<\/div>\n\t\t<\/div>\n\t\t\t\t\t\t\t<\/div>\n\t\t<\/section>\n\t\t\t\t<section class=\"elementor-section elementor-top-section elementor-element elementor-element-74c7216 elementor-section-boxed elementor-section-height-default elementor-section-height-default\" data-id=\"74c7216\" data-element_type=\"section\">\n\t\t\t\t\t\t<div class=\"elementor-container elementor-column-gap-default\">\n\t\t\t\t\t<div class=\"elementor-column elementor-col-100 elementor-top-column elementor-element elementor-element-397823b\" data-id=\"397823b\" data-element_type=\"column\">\n\t\t\t<div class=\"elementor-widget-wrap elementor-element-populated\">\n\t\t\t\t\t\t\t\t<div class=\"elementor-element elementor-element-90e6c7b elementor-widget elementor-widget-heading\" data-id=\"90e6c7b\" data-element_type=\"widget\" data-widget_type=\"heading.default\">\n\t\t\t\t<div class=\"elementor-widget-container\">\n\t\t\t<h2 class=\"elementor-heading-title elementor-size-default\">Tenemos varias opciones de capacitaci\u00f3n para que elijas la que mas se adapte a tus necesidades<\/h2>\t\t<\/div>\n\t\t\t\t<\/div>\n\t\t\t\t\t<\/div>\n\t\t<\/div>\n\t\t\t\t\t\t\t<\/div>\n\t\t<\/section>\n\t\t\t\t<section class=\"elementor-section elementor-top-section elementor-element elementor-element-8837127 elementor-section-content-middle elementor-section-boxed elementor-section-height-default elementor-section-height-default\" data-id=\"8837127\" data-element_type=\"section\">\n\t\t\t\t\t\t<div class=\"elementor-container elementor-column-gap-no\">\n\t\t\t\t\t<div class=\"elementor-column elementor-col-50 elementor-top-column elementor-element elementor-element-6a9e898\" data-id=\"6a9e898\" data-element_type=\"column\">\n\t\t\t<div class=\"elementor-widget-wrap elementor-element-populated\">\n\t\t\t\t\t\t\t\t<div class=\"elementor-element elementor-element-8c1235b elementor-widget elementor-widget-video\" data-id=\"8c1235b\" data-element_type=\"widget\" data-settings=\"{&quot;video_type&quot;:&quot;hosted&quot;,&quot;autoplay&quot;:&quot;yes&quot;,&quot;play_on_mobile&quot;:&quot;yes&quot;,&quot;loop&quot;:&quot;yes&quot;,&quot;start&quot;:1,&quot;mute&quot;:&quot;yes&quot;,&quot;controls&quot;:&quot;yes&quot;}\" data-widget_type=\"video.default\">\n\t\t\t\t<div class=\"elementor-widget-container\">\n\t\t\t\t\t<div class=\"e-hosted-video elementor-wrapper elementor-open-inline\">\n\t\t\t\t\t<video class=\"elementor-video\" src=\"https:\/\/jamaak.com.mx\/wp-content\/uploads\/2023\/08\/Aprende-a-cultivar-sin-tierra.mp4#t=1\" autoplay=\"\" loop=\"\" controls=\"\" muted=\"muted\" playsinline=\"\" controlsList=\"nodownload\"><\/video>\n\t\t\t\t<\/div>\n\t\t\t\t<\/div>\n\t\t\t\t<\/div>\n\t\t\t\t\t<\/div>\n\t\t<\/div>\n\t\t\t\t<div class=\"elementor-column elementor-col-50 elementor-top-column elementor-element elementor-element-3226713\" data-id=\"3226713\" data-element_type=\"column\">\n\t\t\t<div class=\"elementor-widget-wrap elementor-element-populated\">\n\t\t\t\t\t\t\t\t<div class=\"elementor-element elementor-element-e05f138 elementor-widget elementor-widget-heading\" data-id=\"e05f138\" data-element_type=\"widget\" data-widget_type=\"heading.default\">\n\t\t\t\t<div class=\"elementor-widget-container\">\n\t\t\t<h4 class=\"elementor-heading-title elementor-size-default\">Curso y Taller  intensivo de Hidropon\u00eda<\/h4>\t\t<\/div>\n\t\t\t\t<\/div>\n\t\t\t\t<div class=\"elementor-element elementor-element-a10c3ee elementor-widget elementor-widget-text-editor\" data-id=\"a10c3ee\" data-element_type=\"widget\" data-widget_type=\"text-editor.default\">\n\t\t\t\t<div class=\"elementor-widget-container\">\n\t\t\t\t\t\t\t<p>Curso te\u00f3rico y pr\u00e1ctico de 20 horas de duraci\u00f3n. El contenido de este curso es muy amplio, pero es la opci\u00f3n preferida de las personas que quieren conocer toda la informaci\u00f3n y practicar en un fin de semana muy intenso de aprendizaje.<\/p><p><b>Fecha: 17 y 18 de febrero, 2024<\/b><\/p>\t\t\t\t\t\t<\/div>\n\t\t\t\t<\/div>\n\t\t\t\t<div class=\"elementor-element elementor-element-11a3278 elementor-button-info elementor-align-center elementor-widget elementor-widget-button\" data-id=\"11a3278\" data-element_type=\"widget\" data-widget_type=\"button.default\">\n\t\t\t\t<div class=\"elementor-widget-container\">\n\t\t\t\t\t<div class=\"elementor-button-wrapper\">\n\t\t\t<a class=\"elementor-button elementor-button-link elementor-size-xs\" href=\"https:\/\/jamaak.com.mx\/index.php\/proximo-curso-y-taller-intensivo-de-hidroponia\/\">\n\t\t\t\t\t\t<span class=\"elementor-button-content-wrapper\">\n\t\t\t\t\t\t<span class=\"elementor-button-icon elementor-align-icon-left\">\n\t\t\t\t<i aria-hidden=\"true\" class=\"far fa-arrow-alt-circle-right\"><\/i>\t\t\t<\/span>\n\t\t\t\t\t\t<span class=\"elementor-button-text\">Quiero mas detalles del curso y taller intensivo<\/span>\n\t\t<\/span>\n\t\t\t\t\t<\/a>\n\t\t<\/div>\n\t\t\t\t<\/div>\n\t\t\t\t<\/div>\n\t\t\t\t\t<\/div>\n\t\t<\/div>\n\t\t\t\t\t\t\t<\/div>\n\t\t<\/section>\n\t\t\t\t<section class=\"elementor-section elementor-top-section elementor-element elementor-element-fc703b8 elementor-section-content-middle elementor-reverse-mobile elementor-section-boxed elementor-section-height-default elementor-section-height-default\" data-id=\"fc703b8\" data-element_type=\"section\">\n\t\t\t\t\t\t<div class=\"elementor-container elementor-column-gap-no\">\n\t\t\t\t\t<div class=\"elementor-column elementor-col-50 elementor-top-column elementor-element elementor-element-2cc8389\" data-id=\"2cc8389\" data-element_type=\"column\">\n\t\t\t<div class=\"elementor-widget-wrap elementor-element-populated\">\n\t\t\t\t\t\t\t\t<div class=\"elementor-element elementor-element-05af57a elementor-widget elementor-widget-heading\" data-id=\"05af57a\" data-element_type=\"widget\" data-widget_type=\"heading.default\">\n\t\t\t\t<div class=\"elementor-widget-container\">\n\t\t\t<h4 class=\"elementor-heading-title elementor-size-default\">Curso y taller de hidropon\u00eda h\u00edbrido<\/h4>\t\t<\/div>\n\t\t\t\t<\/div>\n\t\t\t\t<div class=\"elementor-element elementor-element-824b2d5 elementor-widget elementor-widget-text-editor\" data-id=\"824b2d5\" data-element_type=\"widget\" data-widget_type=\"text-editor.default\">\n\t\t\t\t<div class=\"elementor-widget-container\">\n\t\t\t\t\t\t\t<p style=\"text-align: center;\">Curso\u00a0 en Linea (en vivo) + Taller Presencial.<\/p><p style=\"text-align: center;\">El temario del curso se encuentra dividido en m\u00f3dulos de aprendizaje semanales\u00a0<\/p><p style=\"text-align: center;\"><strong>Clases en vivo<\/strong><\/p><p style=\"text-align: center;\">\u00a0Miercoles y Viernes 6 a 8 pm<\/p><p style=\"text-align: center;\"><strong>Repaso, ejercicios, tareas y dudas<\/strong><\/p><p style=\"text-align: center;\">S\u00e1bados de 11 am\u00a0 a 1 pm<\/p><p style=\"text-align: center;\">El taller es 100% pr\u00e1ctico y tiene una duraci\u00f3n total de 10 horas\u00a0 y se realiza al finalizar el cuarto m\u00f3dulo del curso, en el tendras la oportunidad de dar un tour por los invernaderos, realizar 7 pr\u00e1cticas y convivir con otras personas con intereses afines.<\/p><p style=\"text-align: center;\">Las clases en vivo ser\u00e1n grabadas para los estudiantes que no puedan atender la clase en el horario programado o para aquellos que deseen realizar este curso a distancia.<\/p><p><b>Inicia Miercoles 27 de Septiembre, Fecha del taller 28 de Octubre<\/b><\/p><p><b>\u00a0<\/b><\/p><p>\u00a0<\/p>\t\t\t\t\t\t<\/div>\n\t\t\t\t<\/div>\n\t\t\t\t\t<\/div>\n\t\t<\/div>\n\t\t\t\t<div class=\"elementor-column elementor-col-50 elementor-top-column elementor-element elementor-element-05a57d0\" data-id=\"05a57d0\" data-element_type=\"column\">\n\t\t\t<div class=\"elementor-widget-wrap elementor-element-populated\">\n\t\t\t\t\t\t\t\t<div class=\"elementor-element elementor-element-6b8a07d elementor-widget elementor-widget-video\" data-id=\"6b8a07d\" data-element_type=\"widget\" data-settings=\"{&quot;video_type&quot;:&quot;hosted&quot;,&quot;autoplay&quot;:&quot;yes&quot;,&quot;play_on_mobile&quot;:&quot;yes&quot;,&quot;mute&quot;:&quot;yes&quot;,&quot;loop&quot;:&quot;yes&quot;,&quot;controls&quot;:&quot;yes&quot;}\" data-widget_type=\"video.default\">\n\t\t\t\t<div class=\"elementor-widget-container\">\n\t\t\t\t\t<div class=\"e-hosted-video elementor-wrapper elementor-open-inline\">\n\t\t\t\t\t<video class=\"elementor-video\" src=\"https:\/\/jamaak.com.mx\/wp-content\/uploads\/2022\/10\/Curso-y-taller-de-hidropon\u00eda.mp4\" autoplay=\"\" loop=\"\" controls=\"\" muted=\"muted\" playsinline=\"\" controlsList=\"nodownload\"><\/video>\n\t\t\t\t<\/div>\n\t\t\t\t<\/div>\n\t\t\t\t<\/div>\n\t\t\t\t<div class=\"elementor-element elementor-element-f1f9e93 elementor-widget elementor-widget-image\" data-id=\"f1f9e93\" data-element_type=\"widget\" data-widget_type=\"image.default\">\n\t\t\t\t<div class=\"elementor-widget-container\">\n\t\t\t\t\t\t\t\t\t\t\t\t\t\t\t<img decoding=\"async\" width=\"940\" height=\"788\" src=\"https:\/\/jamaak.com.mx\/wp-content\/uploads\/2022\/04\/4EFEDD1E-C9AC-44B2-818A-52EC2898689F.png\" class=\"attachment-full size-full wp-image-514\" alt=\"\" srcset=\"https:\/\/jamaak.com.mx\/wp-content\/uploads\/2022\/04\/4EFEDD1E-C9AC-44B2-818A-52EC2898689F.png 940w, https:\/\/jamaak.com.mx\/wp-content\/uploads\/2022\/04\/4EFEDD1E-C9AC-44B2-818A-52EC2898689F-300x251.png 300w, https:\/\/jamaak.com.mx\/wp-content\/uploads\/2022\/04\/4EFEDD1E-C9AC-44B2-818A-52EC2898689F-768x644.png 768w\" sizes=\"100vw\" \/>\t\t\t\t\t\t\t\t\t\t\t\t\t\t\t<\/div>\n\t\t\t\t<\/div>\n\t\t\t\t<div class=\"elementor-element elementor-element-e8d9d6e elementor-widget elementor-widget-button\" data-id=\"e8d9d6e\" data-element_type=\"widget\" data-widget_type=\"button.default\">\n\t\t\t\t<div class=\"elementor-widget-container\">\n\t\t\t\t\t<div class=\"elementor-button-wrapper\">\n\t\t\t<a class=\"elementor-button elementor-button-link elementor-size-sm\" href=\"https:\/\/jamaak.com.mx\/index.php\/curso-y-taller-de-hidroponia-modalidad-mixta\/\">\n\t\t\t\t\t\t<span class=\"elementor-button-content-wrapper\">\n\t\t\t\t\t\t<span class=\"elementor-button-icon elementor-align-icon-left\">\n\t\t\t\t<i aria-hidden=\"true\" class=\"fas fa-arrow-right\"><\/i>\t\t\t<\/span>\n\t\t\t\t\t\t<span class=\"elementor-button-text\">Quiero m\u00e1s detalles del curso h\u00edbrido<\/span>\n\t\t<\/span>\n\t\t\t\t\t<\/a>\n\t\t<\/div>\n\t\t\t\t<\/div>\n\t\t\t\t<\/div>\n\t\t\t\t\t<\/div>\n\t\t<\/div>\n\t\t\t\t\t\t\t<\/div>\n\t\t<\/section>\n\t\t\t\t<section class=\"elementor-section elementor-top-section elementor-element elementor-element-524cc93 elementor-section-content-middle elementor-section-boxed elementor-section-height-default elementor-section-height-default\" data-id=\"524cc93\" data-element_type=\"section\" data-settings=\"{&quot;background_background&quot;:&quot;classic&quot;}\">\n\t\t\t\t\t\t<div class=\"elementor-container elementor-column-gap-no\">\n\t\t\t\t\t<div class=\"elementor-column elementor-col-50 elementor-top-column elementor-element elementor-element-dd9f515\" data-id=\"dd9f515\" data-element_type=\"column\">\n\t\t\t<div class=\"elementor-widget-wrap elementor-element-populated\">\n\t\t\t\t\t\t\t\t<div class=\"elementor-element elementor-element-b7b1827 elementor-widget elementor-widget-image\" data-id=\"b7b1827\" data-element_type=\"widget\" data-widget_type=\"image.default\">\n\t\t\t\t<div class=\"elementor-widget-container\">\n\t\t\t\t\t\t\t\t\t\t\t\t\t\t\t<img loading=\"lazy\" decoding=\"async\" width=\"1080\" height=\"1920\" src=\"https:\/\/jamaak.com.mx\/wp-content\/uploads\/2022\/10\/Historia-de-Instagram-Curso-de-Cocina-Online-Elegante-Burdeos.png\" class=\"attachment-full size-full wp-image-998\" alt=\"\" srcset=\"https:\/\/jamaak.com.mx\/wp-content\/uploads\/2022\/10\/Historia-de-Instagram-Curso-de-Cocina-Online-Elegante-Burdeos.png 1080w, https:\/\/jamaak.com.mx\/wp-content\/uploads\/2022\/10\/Historia-de-Instagram-Curso-de-Cocina-Online-Elegante-Burdeos-169x300.png 169w, https:\/\/jamaak.com.mx\/wp-content\/uploads\/2022\/10\/Historia-de-Instagram-Curso-de-Cocina-Online-Elegante-Burdeos-768x1365.png 768w, https:\/\/jamaak.com.mx\/wp-content\/uploads\/2022\/10\/Historia-de-Instagram-Curso-de-Cocina-Online-Elegante-Burdeos-576x1024.png 576w\" sizes=\"100vw\" \/>\t\t\t\t\t\t\t\t\t\t\t\t\t\t\t<\/div>\n\t\t\t\t<\/div>\n\t\t\t\t\t<\/div>\n\t\t<\/div>\n\t\t\t\t<div class=\"elementor-column elementor-col-50 elementor-top-column elementor-element elementor-element-8f3d6bc\" data-id=\"8f3d6bc\" data-element_type=\"column\">\n\t\t\t<div class=\"elementor-widget-wrap elementor-element-populated\">\n\t\t\t\t\t\t\t\t<div class=\"elementor-element elementor-element-8d873f6 elementor-widget elementor-widget-heading\" data-id=\"8d873f6\" data-element_type=\"widget\" data-widget_type=\"heading.default\">\n\t\t\t\t<div class=\"elementor-widget-container\">\n\t\t\t<h4 class=\"elementor-heading-title elementor-size-default\">Curso de hidroponia completo 100% online<\/h4>\t\t<\/div>\n\t\t\t\t<\/div>\n\t\t\t\t<div class=\"elementor-element elementor-element-605342c elementor-widget elementor-widget-text-editor\" data-id=\"605342c\" data-element_type=\"widget\" data-widget_type=\"text-editor.default\">\n\t\t\t\t<div class=\"elementor-widget-container\">\n\t\t\t\t\t\t\t<p>Accede a los contenidos del curso en cualquier momento y en cualquier lugar<b> para siempre<\/b>. Te incluiremos en el grupo de&nbsp; facebook META del curso, donde podr\u00e1s compartir tus preguntas y presentar tus avances con la comunidad de estudiantes de Jamaak, adem\u00e1s acceder\u00e1s de primera mano al material que se comparta (libros, art\u00edculos, informaci\u00f3n). Si no te gusta el curso se te devuelve tu dinero*<\/p>\t\t\t\t\t\t<\/div>\n\t\t\t\t<\/div>\n\t\t\t\t\t<\/div>\n\t\t<\/div>\n\t\t\t\t\t\t\t<\/div>\n\t\t<\/section>\n\t\t\t\t<section class=\"elementor-section elementor-top-section elementor-element elementor-element-028fe9d elementor-section-boxed elementor-section-height-default elementor-section-height-default\" data-id=\"028fe9d\" data-element_type=\"section\">\n\t\t\t\t\t\t<div class=\"elementor-container elementor-column-gap-default\">\n\t\t\t\t\t<div class=\"elementor-column elementor-col-100 elementor-top-column elementor-element elementor-element-b8f24fb\" data-id=\"b8f24fb\" data-element_type=\"column\">\n\t\t\t<div class=\"elementor-widget-wrap elementor-element-populated\">\n\t\t\t\t\t\t\t\t<div class=\"elementor-element elementor-element-181f5b4 elementor-button-info elementor-align-center elementor-widget elementor-widget-button\" data-id=\"181f5b4\" data-element_type=\"widget\" data-widget_type=\"button.default\">\n\t\t\t\t<div class=\"elementor-widget-container\">\n\t\t\t\t\t<div class=\"elementor-button-wrapper\">\n\t\t\t<a class=\"elementor-button elementor-button-link elementor-size-sm\" href=\"https:\/\/jamaak.com.mx\/index.php\/curso-de-hidroponia-completo-online\/\">\n\t\t\t\t\t\t<span class=\"elementor-button-content-wrapper\">\n\t\t\t\t\t\t<span class=\"elementor-button-icon elementor-align-icon-left\">\n\t\t\t\t<i aria-hidden=\"true\" class=\"fas fa-arrow-right\"><\/i>\t\t\t<\/span>\n\t\t\t\t\t\t<span class=\"elementor-button-text\">ME INTERESA ESTE CURSO<\/span>\n\t\t<\/span>\n\t\t\t\t\t<\/a>\n\t\t<\/div>\n\t\t\t\t<\/div>\n\t\t\t\t<\/div>\n\t\t\t\t\t<\/div>\n\t\t<\/div>\n\t\t\t\t\t\t\t<\/div>\n\t\t<\/section>\n\t\t\t\t<section class=\"elementor-section elementor-top-section elementor-element elementor-element-557d78d5 elementor-section-content-middle elementor-section-boxed elementor-section-height-default elementor-section-height-default\" data-id=\"557d78d5\" data-element_type=\"section\">\n\t\t\t\t\t\t<div class=\"elementor-container elementor-column-gap-no\">\n\t\t\t\t\t<div class=\"elementor-column elementor-col-50 elementor-top-column elementor-element elementor-element-30949c48\" data-id=\"30949c48\" data-element_type=\"column\">\n\t\t\t<div class=\"elementor-widget-wrap elementor-element-populated\">\n\t\t\t\t\t\t\t\t<div class=\"elementor-element elementor-element-1d1415f5 elementor-widget elementor-widget-heading\" data-id=\"1d1415f5\" data-element_type=\"widget\" data-widget_type=\"heading.default\">\n\t\t\t\t<div class=\"elementor-widget-container\">\n\t\t\t<p class=\"elementor-heading-title elementor-size-default\">Curso y Taller de Hidropon\u00eda Vertical para Huerto Urbano<\/p>\t\t<\/div>\n\t\t\t\t<\/div>\n\t\t\t\t<div class=\"elementor-element elementor-element-6343a94e elementor-widget elementor-widget-text-editor\" data-id=\"6343a94e\" data-element_type=\"widget\" data-widget_type=\"text-editor.default\">\n\t\t\t\t<div class=\"elementor-widget-container\">\n\t\t\t\t\t\t\t<p style=\"text-align: center;\">Curso enfocado a las personas que quieren cultivar en espacios reducidos y con poca inversi\u00f3n. Consiste en un curso en l\u00ednea con un taller presencial. El pr\u00f3ximo taller se llevar\u00e1 a cabo en la ciudad de Morelia, Michoac\u00e1n, el 13 de Noviembre, dentro del Congreso Internacional de Huertos Urbanos<\/p><p style=\"text-align: center;\">\u00a0Puede cursarse opcionalmente 100% en l\u00ednea<\/p><p style=\"text-align: center;\"><span style=\"color: #ff0000;\"><strong>\u00a0 \u00a1AGOTADO!<\/strong><\/span><\/p><p style=\"text-align: center;\">\u00a0<\/p><p style=\"text-align: center;\">\u00a0<\/p>\t\t\t\t\t\t<\/div>\n\t\t\t\t<\/div>\n\t\t\t\t\t<\/div>\n\t\t<\/div>\n\t\t\t\t<div class=\"elementor-column elementor-col-50 elementor-top-column elementor-element elementor-element-22a4e29b\" data-id=\"22a4e29b\" data-element_type=\"column\">\n\t\t\t<div class=\"elementor-widget-wrap elementor-element-populated\">\n\t\t\t\t\t\t\t\t<div class=\"elementor-element elementor-element-82a8bf1 elementor-widget elementor-widget-image\" data-id=\"82a8bf1\" data-element_type=\"widget\" data-widget_type=\"image.default\">\n\t\t\t\t<div class=\"elementor-widget-container\">\n\t\t\t\t\t\t\t\t\t\t\t\t\t\t\t<img loading=\"lazy\" decoding=\"async\" width=\"525\" height=\"680\" src=\"https:\/\/jamaak.com.mx\/wp-content\/uploads\/2022\/10\/Flyer-informativo-cactus-simple-verde-1-791x1024.png\" class=\"attachment-large size-large wp-image-1110\" alt=\"\" srcset=\"https:\/\/jamaak.com.mx\/wp-content\/uploads\/2022\/10\/Flyer-informativo-cactus-simple-verde-1-791x1024.png 791w, https:\/\/jamaak.com.mx\/wp-content\/uploads\/2022\/10\/Flyer-informativo-cactus-simple-verde-1-232x300.png 232w, https:\/\/jamaak.com.mx\/wp-content\/uploads\/2022\/10\/Flyer-informativo-cactus-simple-verde-1-768x994.png 768w, https:\/\/jamaak.com.mx\/wp-content\/uploads\/2022\/10\/Flyer-informativo-cactus-simple-verde-1.png 1545w\" sizes=\"100vw\" \/>\t\t\t\t\t\t\t\t\t\t\t\t\t\t\t<\/div>\n\t\t\t\t<\/div>\n\t\t\t\t<div class=\"elementor-element elementor-element-74ac44f elementor-button-info elementor-align-center elementor-widget elementor-widget-button\" data-id=\"74ac44f\" data-element_type=\"widget\" data-widget_type=\"button.default\">\n\t\t\t\t<div class=\"elementor-widget-container\">\n\t\t\t\t\t<div class=\"elementor-button-wrapper\">\n\t\t\t<a class=\"elementor-button elementor-button-link elementor-size-sm\" href=\"https:\/\/jamaak.com.mx\/index.php\/curso-y-taller-de-hidroponia-vertical-dentro-del-marco-del-3er-congreso-internacional-de-huertos-urbanos-nova-plakarq-13-de-noviembre-2022\/\">\n\t\t\t\t\t\t<span class=\"elementor-button-content-wrapper\">\n\t\t\t\t\t\t<span class=\"elementor-button-icon elementor-align-icon-left\">\n\t\t\t\t<i aria-hidden=\"true\" class=\"fas fa-arrow-right\"><\/i>\t\t\t<\/span>\n\t\t\t\t\t\t<span class=\"elementor-button-text\">ME INTERESA ESTE CURSO<\/span>\n\t\t<\/span>\n\t\t\t\t\t<\/a>\n\t\t<\/div>\n\t\t\t\t<\/div>\n\t\t\t\t<\/div>\n\t\t\t\t\t<\/div>\n\t\t<\/div>\n\t\t\t\t\t\t\t<\/div>\n\t\t<\/section>\n\t\t\t\t\t\t\t<\/div>\n\t\t","protected":false},"excerpt":{"rendered":"<p>Cursos y Talleres de Hidropon\u00eda La hidropon\u00eda es una t\u00e9cnica de cultivo de plantas a la que tambien se le conoce como &#8220;Cultivos sin Tierra&#8221;. El cultivar las plantas bajo cualquiera de las modalidades o variaciones de estos sistemas tiene numerosas ventajas sobre los cultivos convencionales. Conocer m\u00e1s de hidropon\u00eda Tenemos varias opciones de capacitaci\u00f3n &hellip; <\/p>\n<p class=\"link-more\"><a href=\"https:\/\/jamaak.com.mx\/index.php\/cursos-y-talleres-de-hidroponia\/\" class=\"more-link\">Continuar leyendo<span class=\"screen-reader-text\"> &#8220;Cursos y Talleres de Hidropon\u00eda&#8221;<\/span><\/a><\/p>\n","protected":false},"author":1,"featured_media":0,"parent":0,"menu_order":0,"comment_status":"closed","ping_status":"closed","template":"","meta":{"footnotes":""},"class_list":["post-398","page","type-page","status-publish","hentry"],"_links":{"self":[{"href":"https:\/\/jamaak.com.mx\/index.php\/wp-json\/wp\/v2\/pages\/398","targetHints":{"allow":["GET"]}}],"collection":[{"href":"https:\/\/jamaak.com.mx\/index.php\/wp-json\/wp\/v2\/pages"}],"about":[{"href":"https:\/\/jamaak.com.mx\/index.php\/wp-json\/wp\/v2\/types\/page"}],"author":[{"embeddable":true,"href":"https:\/\/jamaak.com.mx\/index.php\/wp-json\/wp\/v2\/users\/1"}],"replies":[{"embeddable":true,"href":"https:\/\/jamaak.com.mx\/index.php\/wp-json\/wp\/v2\/comments?post=398"}],"version-history":[{"count":80,"href":"https:\/\/jamaak.com.mx\/index.php\/wp-json\/wp\/v2\/pages\/398\/revisions"}],"predecessor-version":[{"id":1738,"href":"https:\/\/jamaak.com.mx\/index.php\/wp-json\/wp\/v2\/pages\/398\/revisions\/1738"}],"wp:attachment":[{"href":"https:\/\/jamaak.com.mx\/index.php\/wp-json\/wp\/v2\/media?parent=398"}],"curies":[{"name":"wp","href":"https:\/\/api.w.org\/{rel}","templated":true}]}}