{"id":337,"date":"2019-11-06T17:20:44","date_gmt":"2019-11-06T17:20:44","guid":{"rendered":"https:\/\/jamaak.com.mx\/?page_id=337"},"modified":"2019-11-06T21:38:48","modified_gmt":"2019-11-06T21:38:48","slug":"contactanos","status":"publish","type":"page","link":"https:\/\/jamaak.com.mx\/index.php\/contactanos\/","title":{"rendered":"Contactanos"},"content":{"rendered":"\n<h3 class=\"wp-block-heading\"><strong>Localizaci\u00f3n<\/strong><\/h3>\n\n\n\n<p>Nos ubicamos en el poblado de San Antonio de las Minas, en el municipio de Ensenada, Baja California, M\u00e9xico<\/p>\n\n\n\n<div class=\"wp-block-image\"><figure class=\"aligncenter\"><a href=\"https:\/\/g.page\/jamaak?share\"><img fetchpriority=\"high\" decoding=\"async\" width=\"300\" height=\"169\" src=\"https:\/\/jamaak.com.mx\/wp-content\/uploads\/2019\/11\/IMG_6791-300x169.png\" alt=\"\" class=\"wp-image-424\" srcset=\"https:\/\/jamaak.com.mx\/wp-content\/uploads\/2019\/11\/IMG_6791-300x169.png 300w, https:\/\/jamaak.com.mx\/wp-content\/uploads\/2019\/11\/IMG_6791-768x432.png 768w, https:\/\/jamaak.com.mx\/wp-content\/uploads\/2019\/11\/IMG_6791-1024x576.png 1024w, https:\/\/jamaak.com.mx\/wp-content\/uploads\/2019\/11\/IMG_6791.png 1334w\" sizes=\"(max-width: 300px) 100vw, 300px\" \/><\/a><\/figure><\/div>\n\n\n\n<h4 class=\"wp-block-heading\">Direcci\u00f3n:<\/h4>\n\n\n\n<p>Paseo San Emili\u00f3n M1 L11<\/p>\n\n\n\n<p>Fracc. Lomas de San Antonio<\/p>\n\n\n\n<p>San Antonio de las Minas<\/p>\n\n\n\n<p>Ensenada, B.C.<\/p>\n\n\n\n<p>CP 22766<\/p>\n\n\n\n<h4 class=\"wp-block-heading\"><strong>Cont\u00e1ctanos<\/strong><\/h4>\n\n\n\n<p>Celular : + 521 646 1968649<\/p>\n\n\n\n<p>Email : info@jamaak.com.mx<\/p>\n\n\n\n<h4 class=\"wp-block-heading\"><strong>Horario<\/strong><\/h4>\n\n\n\n<p>LUN-VIE 08:00 &#8211; 17:00<\/p>\n\n\n\n<p>SAT 08:00 &#8211; 14:00<\/p>\n","protected":false},"excerpt":{"rendered":"<p>Localizaci\u00f3n Nos ubicamos en el poblado de San Antonio de las Minas, en el municipio de Ensenada, Baja California, M\u00e9xico Direcci\u00f3n: Paseo San Emili\u00f3n M1 L11 Fracc. Lomas de San Antonio San Antonio de las Minas Ensenada, B.C. CP 22766 Cont\u00e1ctanos Celular : + 521 646 1968649 Email : info@jamaak.com.mx Horario LUN-VIE 08:00 &#8211; 17:00 &hellip; <\/p>\n<p class=\"link-more\"><a href=\"https:\/\/jamaak.com.mx\/index.php\/contactanos\/\" class=\"more-link\">Continuar leyendo<span class=\"screen-reader-text\"> &#8220;Contactanos&#8221;<\/span><\/a><\/p>\n","protected":false},"author":1,"featured_media":0,"parent":0,"menu_order":0,"comment_status":"closed","ping_status":"closed","template":"","meta":{"footnotes":""},"class_list":["post-337","page","type-page","status-publish","hentry"],"_links":{"self":[{"href":"https:\/\/jamaak.com.mx\/index.php\/wp-json\/wp\/v2\/pages\/337","targetHints":{"allow":["GET"]}}],"collection":[{"href":"https:\/\/jamaak.com.mx\/index.php\/wp-json\/wp\/v2\/pages"}],"about":[{"href":"https:\/\/jamaak.com.mx\/index.php\/wp-json\/wp\/v2\/types\/page"}],"author":[{"embeddable":true,"href":"https:\/\/jamaak.com.mx\/index.php\/wp-json\/wp\/v2\/users\/1"}],"replies":[{"embeddable":true,"href":"https:\/\/jamaak.com.mx\/index.php\/wp-json\/wp\/v2\/comments?post=337"}],"version-history":[{"count":2,"href":"https:\/\/jamaak.com.mx\/index.php\/wp-json\/wp\/v2\/pages\/337\/revisions"}],"predecessor-version":[{"id":430,"href":"https:\/\/jamaak.com.mx\/index.php\/wp-json\/wp\/v2\/pages\/337\/revisions\/430"}],"wp:attachment":[{"href":"https:\/\/jamaak.com.mx\/index.php\/wp-json\/wp\/v2\/media?parent=337"}],"curies":[{"name":"wp","href":"https:\/\/api.w.org\/{rel}","templated":true}]}}